{"id":9808,"date":"2025-08-11T07:49:25","date_gmt":"2025-08-11T14:49:25","guid":{"rendered":"https:\/\/training.digitaladvocacycenter.com\/?page_id=9808"},"modified":"2025-08-12T07:12:43","modified_gmt":"2025-08-12T14:12:43","slug":"designed-social-digest-page-final","status":"publish","type":"page","link":"https:\/\/training.digitaladvocacycenter.com\/es\/designed-social-digest-page-final\/","title":{"rendered":"Designed Social Digest Page FINAL"},"content":{"rendered":"\t\t<div data-elementor-type=\"wp-page\" data-elementor-id=\"9808\" class=\"elementor elementor-9808\" data-elementor-post-type=\"page\">\n\t\t\t\t<div class=\"elementor-element elementor-element-bc99bcf e-grid e-con-boxed e-con e-parent\" data-id=\"bc99bcf\" data-element_type=\"container\" data-e-type=\"container\">\n\t\t\t\t\t<div class=\"e-con-inner\">\n\t\t\t\t<div class=\"elementor-element elementor-element-5cde5d7 elementor-widget elementor-widget-digital_advocacy_widget\" data-id=\"5cde5d7\" data-element_type=\"widget\" data-e-type=\"widget\" data-widget_type=\"digital_advocacy_widget.default\">\n\t\t\t\t<div class=\"elementor-widget-container\">\n\t\t\t\t\t        <div class=\"social-digest-card\">\n            <div class=\"social-digest-body\">\n                <div class=\"social-digest-org\">\n                                        <div>\n                        <h2>Philippine Smoke-Free Movement <\/h2>\n                        <div class=\"social-digest-sub\"><\/div>\n                    <\/div>\n                <\/div>\n                <div class=\"social-digest-country\">\ud83c\uddf5\ud83c\udded Philippines<\/div>\n                <p class=\"social-digest-description\">Satirical cartoon Facebook post from leading artist connects young people emotionally to impact of tobacco. \n\nReceived over 3000 engagements.\n<\/p>\n            <\/div>\n            <div class=\"social-digest-media\">\n                <iframe src=\"https:\/\/www.facebook.com\/plugins\/post.php?href=https%3A%2F%2Fwww.facebook.com%2FPhilippineSmokeFreeMovement%2Fposts%2Fpfbid0NA9ZjZY4bdrmMgDEUpbhbkq7s9Xaa1KcwJVP4oRR3LpXUuJKFDNHvFMpBWVyb24Tl&show_text=true&width=500\" width=\"500\" height=\"669\" style=\"border:none;overflow:hidden\" scrolling=\"no\" frameborder=\"0\" allowfullscreen=\"true\" allow=\"autoplay; clipboard-write; encrypted-media; picture-in-picture; web-share\"><\/iframe>\n            <\/div>\n        <\/div>\n        \t\t\t\t<\/div>\n\t\t\t\t<\/div>\n\t\t\t\t<div class=\"elementor-element elementor-element-e4e78ba elementor-widget elementor-widget-digital_advocacy_widget\" data-id=\"e4e78ba\" data-element_type=\"widget\" data-e-type=\"widget\" data-widget_type=\"digital_advocacy_widget.default\">\n\t\t\t\t<div class=\"elementor-widget-container\">\n\t\t\t\t\t        <div class=\"social-digest-card\">\n            <div class=\"social-digest-body\">\n                <div class=\"social-digest-org\">\n                                        <div>\n                        <h2>ACT Promo\u00e7\u00e3o da Sa\u00fade<\/h2>\n                        <div class=\"social-digest-sub\"><\/div>\n                    <\/div>\n                <\/div>\n                <div class=\"social-digest-country\">\ud83c\udde7\ud83c\uddf7 Brazil<\/div>\n                <p class=\"social-digest-description\">Visually impactful Facebook post on dangers of vaping showcases strong brand of ACT.\n\nReceived more than 1500 engagements.\n<\/p>\n            <\/div>\n            <div class=\"social-digest-media\">\n                <iframe src=\"https:\/\/www.facebook.com\/plugins\/post.php?href=https%3A%2F%2Fwww.facebook.com%2FACTbr%2Fposts%2Fpfbid0cv8wbJngzu6uwNMscJrgBbERDSqC8v6ueqKCT2xT5jy96XKudknkzJ8Gd8MfE25Dl&show_text=true&width=500\" width=\"500\" height=\"669\" style=\"border:none;overflow:hidden\" scrolling=\"no\" frameborder=\"0\" allowfullscreen=\"true\" allow=\"autoplay; clipboard-write; encrypted-media; picture-in-picture; web-share\"><\/iframe>\n            <\/div>\n        <\/div>\n        \t\t\t\t<\/div>\n\t\t\t\t<\/div>\n\t\t\t\t\t<\/div>\n\t\t\t\t<\/div>\n\t\t<div class=\"elementor-element elementor-element-0f6df02 e-flex e-con-boxed e-con e-parent\" data-id=\"0f6df02\" data-element_type=\"container\" data-e-type=\"container\">\n\t\t\t\t\t<div class=\"e-con-inner\">\n\t\t<div class=\"elementor-element elementor-element-70c5528 e-con-full e-flex e-con e-child\" data-id=\"70c5528\" data-element_type=\"container\" data-e-type=\"container\">\n\t\t\t\t<div class=\"elementor-element elementor-element-40bdcae elementor-widget elementor-widget-digital_advocacy_widget\" data-id=\"40bdcae\" data-element_type=\"widget\" data-e-type=\"widget\" data-widget_type=\"digital_advocacy_widget.default\">\n\t\t\t\t<div class=\"elementor-widget-container\">\n\t\t\t\t\t        <div class=\"social-digest-card\">\n            <div class=\"social-digest-body\">\n                <div class=\"social-digest-org\">\n                                        <div>\n                        <h2>HealthJustice<\/h2>\n                        <div class=\"social-digest-sub\">Organization<\/div>\n                    <\/div>\n                <\/div>\n                <div class=\"social-digest-country\">\ud83c\uddf5\ud83c\udded Philippines<\/div>\n                <p class=\"social-digest-description\">Simple visual humanizing the cost of vaping, calling on young people to take their own pledges against vaping. \n<\/p>\n            <\/div>\n            <div class=\"social-digest-media\">\n                <iframe src=\"https:\/\/www.facebook.com\/plugins\/post.php?href=https%3A%2F%2Fwww.facebook.com%2FHealthJustice%2Fposts%2Fpfbid02a8BHRXcko1B6DHw6Av5pXhN2L6aMFjrciiVoj9PcWA6o7gpK2ioBi9MCn4pDXdJRl&show_text=true&width=500\" width=\"500\" height=\"669\" style=\"border:none;overflow:hidden\" scrolling=\"no\" frameborder=\"0\" allowfullscreen=\"true\" allow=\"autoplay; clipboard-write; encrypted-media; picture-in-picture; web-share\"><\/iframe>\n            <\/div>\n        <\/div>\n        \t\t\t\t<\/div>\n\t\t\t\t<\/div>\n\t\t\t\t<\/div>\n\t\t<div class=\"elementor-element elementor-element-5031865 e-con-full e-flex e-con e-child\" data-id=\"5031865\" data-element_type=\"container\" data-e-type=\"container\">\n\t\t\t\t<div class=\"elementor-element elementor-element-3332465 elementor-widget elementor-widget-digital_advocacy_widget\" data-id=\"3332465\" data-element_type=\"widget\" data-e-type=\"widget\" data-widget_type=\"digital_advocacy_widget.default\">\n\t\t\t\t<div class=\"elementor-widget-container\">\n\t\t\t\t\t        <div class=\"social-digest-card\">\n            <div class=\"social-digest-body\">\n                <div class=\"social-digest-org\">\n                                        <div>\n                        <h2>National Heart Foundation of Bangladesh<\/h2>\n                        <div class=\"social-digest-sub\"><\/div>\n                    <\/div>\n                <\/div>\n                <div class=\"social-digest-country\">\ud83c\udde7\ud83c\udde9 Bangladesh<\/div>\n                <p class=\"social-digest-description\">Call for swift action on tobacco control law amendment with over 2500 engagements. \n<\/p>\n            <\/div>\n            <div class=\"social-digest-media\">\n                <iframe src=\"https:\/\/www.facebook.com\/plugins\/post.php?href=https%3A%2F%2Fwww.facebook.com%2Ftcnhf%2Fposts%2Fpfbid07gsNKJ39v9LMo7uBme7E7HCBZ8SZB794NN9kZpvAzXifJRNsmCMQhTK6MqMy9Ekdl&show_text=true&width=500\" width=\"500\" height=\"669\" style=\"border:none;overflow:hidden\" scrolling=\"no\" frameborder=\"0\" allowfullscreen=\"true\" allow=\"autoplay; clipboard-write; encrypted-media; picture-in-picture; web-share\"><\/iframe>\n            <\/div>\n        <\/div>\n        \t\t\t\t<\/div>\n\t\t\t\t<\/div>\n\t\t\t\t<\/div>\n\t\t\t\t\t<\/div>\n\t\t\t\t<\/div>\n\t\t<div class=\"elementor-element elementor-element-8840d14 e-flex e-con-boxed e-con e-parent\" data-id=\"8840d14\" data-element_type=\"container\" data-e-type=\"container\">\n\t\t\t\t\t<div class=\"e-con-inner\">\n\t\t<div class=\"elementor-element elementor-element-a7ffe86 e-con-full e-flex e-con e-child\" data-id=\"a7ffe86\" data-element_type=\"container\" data-e-type=\"container\">\n\t\t\t\t<div class=\"elementor-element elementor-element-13762ef elementor-widget elementor-widget-digital_advocacy_widget\" data-id=\"13762ef\" data-element_type=\"widget\" data-e-type=\"widget\" data-widget_type=\"digital_advocacy_widget.default\">\n\t\t\t\t<div class=\"elementor-widget-container\">\n\t\t\t\t\t        <div class=\"social-digest-card\">\n            <div class=\"social-digest-body\">\n                <div class=\"social-digest-org\">\n                                        <div>\n                        <h2><\/h2>\n                        <div class=\"social-digest-sub\">Organization<\/div>\n                    <\/div>\n                <\/div>\n                <div class=\"social-digest-country\">\ud83c\uddfa\ud83c\uddf8 United States<\/div>\n                <p class=\"social-digest-description\"><\/p>\n            <\/div>\n            <div class=\"social-digest-media\">\n                <blockquote class=\"instagram-media\" data-instgrm-captioned data-instgrm-permalink=\"https:\/\/www.instagram.com\/p\/DMvZRTtSVZ3\/?utm_source=ig_embed&amp;utm_campaign=loading\" data-instgrm-version=\"14\" style=\" background:#FFF; border:0; border-radius:3px; box-shadow:0 0 1px 0 rgba(0,0,0,0.5),0 1px 10px 0 rgba(0,0,0,0.15); margin: 1px; max-width:540px; min-width:326px; padding:0; width:99.375%; width:-webkit-calc(100% - 2px); width:calc(100% - 2px);\"><div style=\"padding:16px;\"> <a href=\"https:\/\/www.instagram.com\/p\/DMvZRTtSVZ3\/?utm_source=ig_embed&amp;utm_campaign=loading\" style=\" background:#FFFFFF; line-height:0; padding:0 0; text-align:center; text-decoration:none; width:100%;\" target=\"_blank\"> <div style=\" display: flex; flex-direction: row; align-items: center;\"> <div style=\"background-color: #F4F4F4; border-radius: 50%; flex-grow: 0; height: 40px; margin-right: 14px; width: 40px;\"><\/div> <div style=\"display: flex; flex-direction: column; flex-grow: 1; justify-content: center;\"> <div style=\" background-color: #F4F4F4; border-radius: 4px; flex-grow: 0; height: 14px; margin-bottom: 6px; width: 100px;\"><\/div> <div style=\" background-color: #F4F4F4; border-radius: 4px; flex-grow: 0; height: 14px; width: 60px;\"><\/div><\/div><\/div><div style=\"padding: 19% 0;\"><\/div> <div style=\"display:block; height:50px; margin:0 auto 12px; width:50px;\"><svg width=\"50px\" height=\"50px\" viewBox=\"0 0 60 60\" version=\"1.1\" xmlns=\"https:\/\/www.w3.org\/2000\/svg\" xmlns:xlink=\"https:\/\/www.w3.org\/1999\/xlink\"><g stroke=\"none\" stroke-width=\"1\" fill=\"none\" fill-rule=\"evenodd\"><g transform=\"translate(-511.000000, -20.000000)\" fill=\"#000000\"><g><path d=\"M556.869,30.41 C554.814,30.41 553.148,32.076 553.148,34.131 C553.148,36.186 554.814,37.852 556.869,37.852 C558.924,37.852 560.59,36.186 560.59,34.131 C560.59,32.076 558.924,30.41 556.869,30.41 M541,60.657 C535.114,60.657 530.342,55.887 530.342,50 C530.342,44.114 535.114,39.342 541,39.342 C546.887,39.342 551.658,44.114 551.658,50 C551.658,55.887 546.887,60.657 541,60.657 M541,33.886 C532.1,33.886 524.886,41.1 524.886,50 C524.886,58.899 532.1,66.113 541,66.113 C549.9,66.113 557.115,58.899 557.115,50 C557.115,41.1 549.9,33.886 541,33.886 M565.378,62.101 C565.244,65.022 564.756,66.606 564.346,67.663 C563.803,69.06 563.154,70.057 562.106,71.106 C561.058,72.155 560.06,72.803 558.662,73.347 C557.607,73.757 556.021,74.244 553.102,74.378 C549.944,74.521 548.997,74.552 541,74.552 C533.003,74.552 532.056,74.521 528.898,74.378 C525.979,74.244 524.393,73.757 523.338,73.347 C521.94,72.803 520.942,72.155 519.894,71.106 C518.846,70.057 518.197,69.06 517.654,67.663 C517.244,66.606 516.755,65.022 516.623,62.101 C516.479,58.943 516.448,57.996 516.448,50 C516.448,42.003 516.479,41.056 516.623,37.899 C516.755,34.978 517.244,33.391 517.654,32.338 C518.197,30.938 518.846,29.942 519.894,28.894 C520.942,27.846 521.94,27.196 523.338,26.654 C524.393,26.244 525.979,25.756 528.898,25.623 C532.057,25.479 533.004,25.448 541,25.448 C548.997,25.448 549.943,25.479 553.102,25.623 C556.021,25.756 557.607,26.244 558.662,26.654 C560.06,27.196 561.058,27.846 562.106,28.894 C563.154,29.942 563.803,30.938 564.346,32.338 C564.756,33.391 565.244,34.978 565.378,37.899 C565.522,41.056 565.552,42.003 565.552,50 C565.552,57.996 565.522,58.943 565.378,62.101 M570.82,37.631 C570.674,34.438 570.167,32.258 569.425,30.349 C568.659,28.377 567.633,26.702 565.965,25.035 C564.297,23.368 562.623,22.342 560.652,21.575 C558.743,20.834 556.562,20.326 553.369,20.18 C550.169,20.033 549.148,20 541,20 C532.853,20 531.831,20.033 528.631,20.18 C525.438,20.326 523.257,20.834 521.349,21.575 C519.376,22.342 517.703,23.368 516.035,25.035 C514.368,26.702 513.342,28.377 512.574,30.349 C511.834,32.258 511.326,34.438 511.181,37.631 C511.035,40.831 511,41.851 511,50 C511,58.147 511.035,59.17 511.181,62.369 C511.326,65.562 511.834,67.743 512.574,69.651 C513.342,71.625 514.368,73.296 516.035,74.965 C517.703,76.634 519.376,77.658 521.349,78.425 C523.257,79.167 525.438,79.673 528.631,79.82 C531.831,79.965 532.853,80.001 541,80.001 C549.148,80.001 550.169,79.965 553.369,79.82 C556.562,79.673 558.743,79.167 560.652,78.425 C562.623,77.658 564.297,76.634 565.965,74.965 C567.633,73.296 568.659,71.625 569.425,69.651 C570.167,67.743 570.674,65.562 570.82,62.369 C570.966,59.17 571,58.147 571,50 C571,41.851 570.966,40.831 570.82,37.631\"><\/path><\/g><\/g><\/g><\/svg><\/div><div style=\"padding-top: 8px;\"> <div style=\" color:#3897f0; font-family:Arial,sans-serif; font-size:14px; font-style:normal; font-weight:550; line-height:18px;\">View this post on Instagram<\/div><\/div><div style=\"padding: 12.5% 0;\"><\/div> <div style=\"display: flex; flex-direction: row; margin-bottom: 14px; align-items: center;\"><div> <div style=\"background-color: #F4F4F4; border-radius: 50%; height: 12.5px; width: 12.5px; transform: translateX(0px) translateY(7px);\"><\/div> <div style=\"background-color: #F4F4F4; height: 12.5px; transform: rotate(-45deg) translateX(3px) translateY(1px); width: 12.5px; flex-grow: 0; margin-right: 14px; margin-left: 2px;\"><\/div> <div style=\"background-color: #F4F4F4; border-radius: 50%; height: 12.5px; width: 12.5px; transform: translateX(9px) translateY(-18px);\"><\/div><\/div><div style=\"margin-left: 8px;\"> <div style=\" background-color: #F4F4F4; border-radius: 50%; flex-grow: 0; height: 20px; width: 20px;\"><\/div> <div style=\" width: 0; height: 0; border-top: 2px solid transparent; border-left: 6px solid #f4f4f4; border-bottom: 2px solid transparent; transform: translateX(16px) translateY(-4px) rotate(30deg)\"><\/div><\/div><div style=\"margin-left: auto;\"> <div style=\" width: 0px; border-top: 8px solid #F4F4F4; border-right: 8px solid transparent; transform: translateY(16px);\"><\/div> <div style=\" background-color: #F4F4F4; flex-grow: 0; height: 12px; width: 16px; transform: translateY(-4px);\"><\/div> <div style=\" width: 0; height: 0; border-top: 8px solid #F4F4F4; border-left: 8px solid transparent; transform: translateY(-4px) translateX(8px);\"><\/div><\/div><\/div> <div style=\"display: flex; flex-direction: column; flex-grow: 1; justify-content: center; margin-bottom: 24px;\"> <div style=\" background-color: #F4F4F4; border-radius: 4px; flex-grow: 0; height: 14px; margin-bottom: 6px; width: 224px;\"><\/div> <div style=\" background-color: #F4F4F4; border-radius: 4px; flex-grow: 0; height: 14px; width: 144px;\"><\/div><\/div><\/a><p style=\" color:#c9c8cd; font-family:Arial,sans-serif; font-size:14px; line-height:17px; margin-bottom:0; margin-top:8px; overflow:hidden; padding:8px 0 7px; text-align:center; text-overflow:ellipsis; white-space:nowrap;\"><a href=\"https:\/\/www.instagram.com\/p\/DMvZRTtSVZ3\/?utm_source=ig_embed&amp;utm_campaign=loading\" style=\" color:#c9c8cd; font-family:Arial,sans-serif; font-size:14px; font-style:normal; font-weight:normal; line-height:17px; text-decoration:none;\" target=\"_blank\">A post shared by Salud Justa Mx (@saludjustamx_)<\/a><\/p><\/div><\/blockquote>\n<script async src=\"\/\/www.instagram.com\/embed.js\"><\/script>            <\/div>\n        <\/div>\n        \t\t\t\t<\/div>\n\t\t\t\t<\/div>\n\t\t\t\t<\/div>\n\t\t<div class=\"elementor-element elementor-element-2e1b0c0 e-con-full e-flex e-con e-child\" data-id=\"2e1b0c0\" data-element_type=\"container\" data-e-type=\"container\">\n\t\t\t\t<\/div>\n\t\t\t\t\t<\/div>\n\t\t\t\t<\/div>\n\t\t\t\t<\/div>\n\t\t","protected":false},"excerpt":{"rendered":"<p>Philippine Smoke-Free Movement \ud83c\uddf5\ud83c\udded Philippines Satirical cartoon Facebook post from leading artist connects young people emotionally to impact of tobacco. Received over 3000 engagements. ACT Promo\u00e7\u00e3o da Sa\u00fade \ud83c\udde7\ud83c\uddf7 Brazil Visually impactful Facebook post on dangers of vaping showcases strong brand of ACT. Received more than 1500 engagements. HealthJustice Organization \ud83c\uddf5\ud83c\udded Philippines Simple visual humanizing&#8230;  <a class=\"excerpt-read-more\" href=\"https:\/\/training.digitaladvocacycenter.com\/es\/designed-social-digest-page-final\/\" title=\"Read Designed Social Digest Page FINAL\">Leer m\u00e1s &raquo;<\/a><\/p>\n","protected":false},"author":14,"featured_media":0,"parent":0,"menu_order":0,"comment_status":"closed","ping_status":"closed","template":"","meta":{"_acf_changed":false,"_bbp_topic_count":0,"_bbp_reply_count":0,"_bbp_total_topic_count":0,"_bbp_total_reply_count":0,"_bbp_voice_count":0,"_bbp_anonymous_reply_count":0,"_bbp_topic_count_hidden":0,"_bbp_reply_count_hidden":0,"_bbp_forum_subforum_count":0,"inline_featured_image":false,"footnotes":""},"class_list":["post-9808","page","type-page","status-publish","hentry"],"acf":[],"_links":{"self":[{"href":"https:\/\/training.digitaladvocacycenter.com\/es\/wp-json\/wp\/v2\/pages\/9808","targetHints":{"allow":["GET"]}}],"collection":[{"href":"https:\/\/training.digitaladvocacycenter.com\/es\/wp-json\/wp\/v2\/pages"}],"about":[{"href":"https:\/\/training.digitaladvocacycenter.com\/es\/wp-json\/wp\/v2\/types\/page"}],"author":[{"embeddable":true,"href":"https:\/\/training.digitaladvocacycenter.com\/es\/wp-json\/wp\/v2\/users\/14"}],"replies":[{"embeddable":true,"href":"https:\/\/training.digitaladvocacycenter.com\/es\/wp-json\/wp\/v2\/comments?post=9808"}],"version-history":[{"count":28,"href":"https:\/\/training.digitaladvocacycenter.com\/es\/wp-json\/wp\/v2\/pages\/9808\/revisions"}],"predecessor-version":[{"id":9851,"href":"https:\/\/training.digitaladvocacycenter.com\/es\/wp-json\/wp\/v2\/pages\/9808\/revisions\/9851"}],"wp:attachment":[{"href":"https:\/\/training.digitaladvocacycenter.com\/es\/wp-json\/wp\/v2\/media?parent=9808"}],"curies":[{"name":"wp","href":"https:\/\/api.w.org\/{rel}","templated":true}]}}