{"id":9751,"date":"2025-08-07T10:52:15","date_gmt":"2025-08-07T17:52:15","guid":{"rendered":"https:\/\/training.digitaladvocacycenter.com\/?page_id=9751"},"modified":"2025-08-07T10:52:18","modified_gmt":"2025-08-07T17:52:18","slug":"9751-2","status":"publish","type":"page","link":"https:\/\/training.digitaladvocacycenter.com\/es\/9751-2\/","title":{"rendered":""},"content":{"rendered":"\n<pre class=\"wp-block-code\"><code><\/code><\/pre>\n\n\n\n<p>https:\/\/www.facebook.com\/plugins\/post.php?href=https:\/\/www.facebook.com\/NHFBangladesh\/posts\/pfbid02c2Nzyt65uAU78ZK4AtdEFxHRkVUgU8dvAkXnT3tqJzAhc3rPc7tuGW8LqLKi19PJl&#038;show_text=true&#038;width=500<\/p>\n\n\n\n<p><strong>Source:<\/strong> National Heart Foundation of Bangladesh<\/p>\n\n\n\n<p>Description Text Ipsom Lorum<\/p>\n\n\n\n<p>https:\/\/www.facebook.com\/plugins\/post.php?href=https:\/\/www.facebook.com\/actbr\/posts\/pfbid0vJr3TRjRQXgEDyLZfD17bzEt6sHBEcVAfLsG59TfCV7EMnP6qFcXHx9GVUnz4UXQl&#038;show_text=true&#038;width=500<\/p>\n\n\n\n<p><strong>Source:<\/strong> ACT Promo\u00e7\u00e3o da Sa\u00fade (Brazil)<\/p>\n\n\n\n<p>Description Text Ipsom Lorum<\/p>\n\n\n\n<p>https:\/\/www.facebook.com\/plugins\/post.php?href=https:\/\/www.facebook.com\/SmokeFreePH\/posts\/pfbid02tkTZv5Gkw7gSPc4w5LTD4KkPApCe3ZxFgLSzAbB9ov1NsnYbr2a7c4xrwxNgBDsZl&#038;show_text=true&#038;width=500<\/p>\n\n\n\n<p><strong>Source:<\/strong> Philippines Smoke-Free Movement (SocialWatch Philippines)<\/p>\n\n\n\n<p>Description Text Ipsom Lorum<\/p>\n\n\n\n<p>https:\/\/www.facebook.com\/plugins\/post.php?href=https:\/\/www.facebook.com\/HealthJusticePH\/posts\/pfbid02moHZsn2a8YSwusfWR5kEsQXKnxpbQ6sbUnDgV5JeK9kN8uRH85WHeLE4Ge7pLKzYl&#038;show_text=true&#038;width=500<\/p>\n\n\n\n<p><strong>Source:<\/strong> HealthJustice (Philippines)<\/p>\n\n\n\n<p>Description Text Ipsom Lorum<\/p>\n\n\n\n<blockquote class=\"wp-block-quote is-layout-flow wp-block-quote-is-layout-flow\">\n<p>Today we pledge against consumption of tobacco with Chromatic Trust. <a href=\"https:\/\/twitter.com\/hashtag\/NoTobacco?src=hash&amp;ref_src=twsrc%5Etfw\">#NoTobacco<\/a> <a href=\"https:\/\/t.co\/62jG1T51hq\">pic.twitter.com\/62jG1T51hq<\/a>\u2014 Chromatic Trust (@chromatictrust) <a href=\"https:\/\/twitter.com\/chromatictrust\/status\/1683075567036678145?ref_src=twsrc%5Etfw\">July 23, 2023<\/a><\/p>\n<\/blockquote>\n\n\n\n<p><strong>Source:<\/strong> Pledge Against Consumption of Tobacco (Chromatic) (Pakistan)<\/p>\n\n\n\n<p>Description Text Ipsom Lorum<\/p>\n","protected":false},"excerpt":{"rendered":"<p>https:\/\/www.facebook.com\/plugins\/post.php?href=https:\/\/www.facebook.com\/NHFBangladesh\/posts\/pfbid02c2Nzyt65uAU78ZK4AtdEFxHRkVUgU8dvAkXnT3tqJzAhc3rPc7tuGW8LqLKi19PJl&#038;show_text=true&#038;width=500 Source: National Heart Foundation of Bangladesh Description Text Ipsom Lorum https:\/\/www.facebook.com\/plugins\/post.php?href=https:\/\/www.facebook.com\/actbr\/posts\/pfbid0vJr3TRjRQXgEDyLZfD17bzEt6sHBEcVAfLsG59TfCV7EMnP6qFcXHx9GVUnz4UXQl&#038;show_text=true&#038;width=500 Source: ACT Promo\u00e7\u00e3o da Sa\u00fade (Brazil) Description Text Ipsom Lorum https:\/\/www.facebook.com\/plugins\/post.php?href=https:\/\/www.facebook.com\/SmokeFreePH\/posts\/pfbid02tkTZv5Gkw7gSPc4w5LTD4KkPApCe3ZxFgLSzAbB9ov1NsnYbr2a7c4xrwxNgBDsZl&#038;show_text=true&#038;width=500 Source: Philippines Smoke-Free Movement (SocialWatch Philippines) Description Text Ipsom Lorum https:\/\/www.facebook.com\/plugins\/post.php?href=https:\/\/www.facebook.com\/HealthJusticePH\/posts\/pfbid02moHZsn2a8YSwusfWR5kEsQXKnxpbQ6sbUnDgV5JeK9kN8uRH85WHeLE4Ge7pLKzYl&#038;show_text=true&#038;width=500 Source: HealthJustice (Philippines) Description Text Ipsom Lorum Today we pledge against consumption of tobacco with Chromatic Trust. #NoTobacco pic.twitter.com\/62jG1T51hq\u2014 Chromatic Trust&#8230;  <a class=\"excerpt-read-more\" href=\"https:\/\/training.digitaladvocacycenter.com\/es\/9751-2\/\" title=\"Read \">Leer m\u00e1s &raquo;<\/a><\/p>\n","protected":false},"author":14,"featured_media":0,"parent":0,"menu_order":0,"comment_status":"closed","ping_status":"closed","template":"","meta":{"_acf_changed":false,"_bbp_topic_count":0,"_bbp_reply_count":0,"_bbp_total_topic_count":0,"_bbp_total_reply_count":0,"_bbp_voice_count":0,"_bbp_anonymous_reply_count":0,"_bbp_topic_count_hidden":0,"_bbp_reply_count_hidden":0,"_bbp_forum_subforum_count":0,"inline_featured_image":false,"footnotes":""},"class_list":["post-9751","page","type-page","status-publish","hentry"],"acf":[],"_links":{"self":[{"href":"https:\/\/training.digitaladvocacycenter.com\/es\/wp-json\/wp\/v2\/pages\/9751","targetHints":{"allow":["GET"]}}],"collection":[{"href":"https:\/\/training.digitaladvocacycenter.com\/es\/wp-json\/wp\/v2\/pages"}],"about":[{"href":"https:\/\/training.digitaladvocacycenter.com\/es\/wp-json\/wp\/v2\/types\/page"}],"author":[{"embeddable":true,"href":"https:\/\/training.digitaladvocacycenter.com\/es\/wp-json\/wp\/v2\/users\/14"}],"replies":[{"embeddable":true,"href":"https:\/\/training.digitaladvocacycenter.com\/es\/wp-json\/wp\/v2\/comments?post=9751"}],"version-history":[{"count":2,"href":"https:\/\/training.digitaladvocacycenter.com\/es\/wp-json\/wp\/v2\/pages\/9751\/revisions"}],"predecessor-version":[{"id":9758,"href":"https:\/\/training.digitaladvocacycenter.com\/es\/wp-json\/wp\/v2\/pages\/9751\/revisions\/9758"}],"wp:attachment":[{"href":"https:\/\/training.digitaladvocacycenter.com\/es\/wp-json\/wp\/v2\/media?parent=9751"}],"curies":[{"name":"wp","href":"https:\/\/api.w.org\/{rel}","templated":true}]}}